{"id":361,"date":"2017-07-13T11:18:25","date_gmt":"2017-07-13T09:18:25","guid":{"rendered":"http:\/\/hexabio-retail.fr\/?page_id=361"},"modified":"2021-03-04T11:32:32","modified_gmt":"2021-03-04T10:32:32","slug":"broche-de-metaizeau-sterile","status":"publish","type":"page","link":"http:\/\/hexabio-retail.fr\/index.php\/broche-de-metaizeau-sterile\/","title":{"rendered":"Broche de M\u00e9taizeau &#8211; STERILE &#8211;"},"content":{"rendered":"<p>L&rsquo; Embrochage Centro-M\u00e9dullaire Elastique Stable est utilis\u00e9 dans le traitement des fractures des os longs du membre inf\u00e9rieur chez l&rsquo;enfant ou les patients de petite morphologie et du membre sup\u00e9rieur pour tous les patients.<\/p>\n","protected":false},"excerpt":{"rendered":"<p>L&rsquo; Embrochage Centro-M\u00e9dullaire Elastique Stable est utilis\u00e9 dans le traitement des fractures des os longs du membre inf\u00e9rieur chez l&rsquo;enfant ou les patients de petite morphologie et du membre sup\u00e9rieur pour tous les patients.<\/p>\n","protected":false},"author":1,"featured_media":0,"parent":0,"menu_order":0,"comment_status":"closed","ping_status":"closed","template":"","meta":{"om_disable_all_campaigns":false,"_monsterinsights_skip_tracking":false,"_monsterinsights_sitenote_active":false,"_monsterinsights_sitenote_note":"","_monsterinsights_sitenote_category":0,"ngg_post_thumbnail":0,"footnotes":""},"class_list":["post-361","page","type-page","status-publish","hentry"],"aioseo_notices":[],"_links":{"self":[{"href":"http:\/\/hexabio-retail.fr\/index.php\/wp-json\/wp\/v2\/pages\/361","targetHints":{"allow":["GET"]}}],"collection":[{"href":"http:\/\/hexabio-retail.fr\/index.php\/wp-json\/wp\/v2\/pages"}],"about":[{"href":"http:\/\/hexabio-retail.fr\/index.php\/wp-json\/wp\/v2\/types\/page"}],"author":[{"embeddable":true,"href":"http:\/\/hexabio-retail.fr\/index.php\/wp-json\/wp\/v2\/users\/1"}],"replies":[{"embeddable":true,"href":"http:\/\/hexabio-retail.fr\/index.php\/wp-json\/wp\/v2\/comments?post=361"}],"version-history":[{"count":2,"href":"http:\/\/hexabio-retail.fr\/index.php\/wp-json\/wp\/v2\/pages\/361\/revisions"}],"predecessor-version":[{"id":888,"href":"http:\/\/hexabio-retail.fr\/index.php\/wp-json\/wp\/v2\/pages\/361\/revisions\/888"}],"wp:attachment":[{"href":"http:\/\/hexabio-retail.fr\/index.php\/wp-json\/wp\/v2\/media?parent=361"}],"curies":[{"name":"wp","href":"https:\/\/api.w.org\/{rel}","templated":true}]}}