{"id":41,"date":"2017-06-25T10:12:17","date_gmt":"2017-06-25T08:12:17","guid":{"rendered":"http:\/\/hexabio-retail.fr\/?page_id=41"},"modified":"2017-06-28T16:38:52","modified_gmt":"2017-06-28T14:38:52","slug":"intruments","status":"publish","type":"page","link":"http:\/\/hexabio-retail.fr\/index.php\/intruments\/","title":{"rendered":"Instruments"},"content":{"rendered":"<p align=\"left\"><b> <strong><span style=\"color: #000066;\">Instruments Chirurgicaux :<\/span> <\/strong><\/b><\/p>\n<p align=\"left\">Notre gamme de produits regroupe diff\u00e9rents types d\u2019instrumentation que nous vous proposons : pinces, ciseaux, daviers, curettes, chasse-greffons, etc.<\/p>\n<p>Ce sont des instruments test\u00e9s de longue date et utilis\u00e9s au quotidien par des chirurgiens sp\u00e9cialis\u00e9s en orthop\u00e9die.<\/p>\n","protected":false},"excerpt":{"rendered":"<p>Instruments Chirurgicaux : Notre gamme de produits regroupe diff\u00e9rents types d\u2019instrumentation que nous vous proposons : pinces, ciseaux, daviers, curettes, chasse-greffons, etc. Ce sont des instruments test\u00e9s de longue date et utilis\u00e9s au quotidien par des chirurgiens sp\u00e9cialis\u00e9s en orthop\u00e9die.<\/p>\n","protected":false},"author":1,"featured_media":0,"parent":0,"menu_order":0,"comment_status":"closed","ping_status":"closed","template":"","meta":{"om_disable_all_campaigns":false,"_monsterinsights_skip_tracking":false,"_monsterinsights_sitenote_active":false,"_monsterinsights_sitenote_note":"","_monsterinsights_sitenote_category":0,"ngg_post_thumbnail":0,"footnotes":""},"class_list":["post-41","page","type-page","status-publish","hentry"],"aioseo_notices":[],"_links":{"self":[{"href":"http:\/\/hexabio-retail.fr\/index.php\/wp-json\/wp\/v2\/pages\/41","targetHints":{"allow":["GET"]}}],"collection":[{"href":"http:\/\/hexabio-retail.fr\/index.php\/wp-json\/wp\/v2\/pages"}],"about":[{"href":"http:\/\/hexabio-retail.fr\/index.php\/wp-json\/wp\/v2\/types\/page"}],"author":[{"embeddable":true,"href":"http:\/\/hexabio-retail.fr\/index.php\/wp-json\/wp\/v2\/users\/1"}],"replies":[{"embeddable":true,"href":"http:\/\/hexabio-retail.fr\/index.php\/wp-json\/wp\/v2\/comments?post=41"}],"version-history":[{"count":3,"href":"http:\/\/hexabio-retail.fr\/index.php\/wp-json\/wp\/v2\/pages\/41\/revisions"}],"predecessor-version":[{"id":142,"href":"http:\/\/hexabio-retail.fr\/index.php\/wp-json\/wp\/v2\/pages\/41\/revisions\/142"}],"wp:attachment":[{"href":"http:\/\/hexabio-retail.fr\/index.php\/wp-json\/wp\/v2\/media?parent=41"}],"curies":[{"name":"wp","href":"https:\/\/api.w.org\/{rel}","templated":true}]}}