{"id":32,"date":"2017-06-25T10:09:41","date_gmt":"2017-06-25T08:09:41","guid":{"rendered":"http:\/\/hexabio-retail.fr\/?page_id=32"},"modified":"2018-02-12T17:32:16","modified_gmt":"2018-02-12T16:32:16","slug":"chirurgie-de-la-main","status":"publish","type":"page","link":"https:\/\/hexabio-retail.fr\/index.php\/chirurgie-de-la-main\/","title":{"rendered":"Chirurgie Main\/Poignet"},"content":{"rendered":"<p>C\u2019est gr\u00e2ce \u00e0 sa capacit\u00e9 d\u2019\u00e9coute qu\u2019 HEXABIO peut bien conna\u00eetre les besoins respectifs des professionnels et de leurs patients, et d\u2019y apporter des r\u00e9ponses appropri\u00e9es et innovantes.<\/p>\n<p>HEXABIO commercialise une main mall\u00e9able sans plomb \u2013 gamme unique en France \u2013 qui maintient la main pendant l\u2019intervention chirurgicale. Cet \u00e9quipement de support et d\u2019aide \u00e0 l\u2019op\u00e9ration a fait l\u2019objet de tests aupr\u00e8s des chirurgiens sp\u00e9cialis\u00e9s*<\/p>\n<p>HEXABIO commercialise aussi des produits toujours plus performants : Nouveaux mat\u00e9riaux, techniques de pointe, comp\u00e9tences sans cesse remises en question et am\u00e9lior\u00e9es.<\/p>\n<p>Dans son catalogue de produits, on trouve :\u00a0 Des fixateurs de doigt et de poignet, des broches et vis diverses&#8230;<\/p>\n<p>*Dr Pierre Mouton \u2013 Chirurgie de la main \u2013 Centre Aquitain de la Main \u2013 Clinique Pessac.<\/p>\n","protected":false},"excerpt":{"rendered":"<p>C\u2019est gr\u00e2ce \u00e0 sa capacit\u00e9 d\u2019\u00e9coute qu\u2019 HEXABIO peut bien conna\u00eetre les besoins respectifs des professionnels et de leurs patients, et d\u2019y apporter des r\u00e9ponses appropri\u00e9es et innovantes. HEXABIO commercialise une main mall\u00e9able sans plomb \u2013 gamme unique en France \u2013 qui maintient la main &hellip; <\/p>\n","protected":false},"author":1,"featured_media":795,"parent":0,"menu_order":0,"comment_status":"closed","ping_status":"closed","template":"","meta":{"om_disable_all_campaigns":false,"_monsterinsights_skip_tracking":false,"_monsterinsights_sitenote_active":false,"_monsterinsights_sitenote_note":"","_monsterinsights_sitenote_category":0,"ngg_post_thumbnail":0,"footnotes":""},"class_list":["post-32","page","type-page","status-publish","has-post-thumbnail","hentry"],"aioseo_notices":[],"_links":{"self":[{"href":"https:\/\/hexabio-retail.fr\/index.php\/wp-json\/wp\/v2\/pages\/32","targetHints":{"allow":["GET"]}}],"collection":[{"href":"https:\/\/hexabio-retail.fr\/index.php\/wp-json\/wp\/v2\/pages"}],"about":[{"href":"https:\/\/hexabio-retail.fr\/index.php\/wp-json\/wp\/v2\/types\/page"}],"author":[{"embeddable":true,"href":"https:\/\/hexabio-retail.fr\/index.php\/wp-json\/wp\/v2\/users\/1"}],"replies":[{"embeddable":true,"href":"https:\/\/hexabio-retail.fr\/index.php\/wp-json\/wp\/v2\/comments?post=32"}],"version-history":[{"count":35,"href":"https:\/\/hexabio-retail.fr\/index.php\/wp-json\/wp\/v2\/pages\/32\/revisions"}],"predecessor-version":[{"id":892,"href":"https:\/\/hexabio-retail.fr\/index.php\/wp-json\/wp\/v2\/pages\/32\/revisions\/892"}],"wp:featuredmedia":[{"embeddable":true,"href":"https:\/\/hexabio-retail.fr\/index.php\/wp-json\/wp\/v2\/media\/795"}],"wp:attachment":[{"href":"https:\/\/hexabio-retail.fr\/index.php\/wp-json\/wp\/v2\/media?parent=32"}],"curies":[{"name":"wp","href":"https:\/\/api.w.org\/{rel}","templated":true}]}}