{"id":37,"date":"2017-06-25T10:11:43","date_gmt":"2017-06-25T08:11:43","guid":{"rendered":"http:\/\/hexabio-retail.fr\/?page_id=37"},"modified":"2024-09-16T17:27:34","modified_gmt":"2024-09-16T15:27:34","slug":"orthopedie-pediatrique","status":"publish","type":"page","link":"https:\/\/hexabio-retail.fr\/index.php\/orthopedie-pediatrique\/","title":{"rendered":"Chirurgie membres inf\u00e9rieurs"},"content":{"rendered":"<div align=\"center\">\n<p align=\"left\"><b><strong>\u00a0<\/strong><\/b><b><strong>Chirurgie p\u00e9diatrique<\/strong><\/b><\/p>\n<p align=\"left\">\u00a0HEXABIO RETAIL commercialise une vis extractible perfor\u00e9e, une broche filet\u00e9e sp\u00e9ciale, des instruments n\u00e9cessaires aux interventions p\u00e9diatriques ainsi qu\u2019une attelle mod\u00e8le Les enfants n\u00e9cessitant des soins en orthop\u00e9die sont g\u00e9n\u00e9ralement hospitalis\u00e9s au sein d\u2019un service de chirurgie p\u00e9diatrique.<\/p>\n<p align=\"left\">L\u2019orthop\u00e9die p\u00e9diatrique n\u00e9cessite une approche particuli\u00e8re car le diagnostic, la prise en charge th\u00e9rapeutique et chirurgicale ainsi que la r\u00e9\u00e9ducation doivent tenir compte d\u2019un param\u00e8tre crucial : la croissance de l\u2019enfant.<\/p>\n<p align=\"left\">HEXABIO RETAIL s\u2019est sp\u00e9cialis\u00e9e dans la fourniture de produits pour la chirurgie orthop\u00e9dique p\u00e9diatrique du bassin et des membres inf\u00e9rieurs pour soigner les pathologies osseuses.enfant.<\/p>\n<p align=\"left\"><b><strong>\u00a0Vis type de Garden <\/strong><\/b><\/p>\n<p align=\"left\">Il s\u2019agit du traitement chirurgical des fractures de l\u2019extr\u00e9mit\u00e9 sup\u00e9rieure du f\u00e9mur par des vis de Garden.<\/p>\n<\/div>\n","protected":false},"excerpt":{"rendered":"<p>\u00a0Chirurgie p\u00e9diatrique \u00a0HEXABIO RETAIL commercialise une vis extractible perfor\u00e9e, une broche filet\u00e9e sp\u00e9ciale, des instruments n\u00e9cessaires aux interventions p\u00e9diatriques ainsi qu\u2019une attelle mod\u00e8le Les enfants n\u00e9cessitant des soins en orthop\u00e9die sont g\u00e9n\u00e9ralement hospitalis\u00e9s au sein d\u2019un service de chirurgie p\u00e9diatrique. L\u2019orthop\u00e9die p\u00e9diatrique n\u00e9cessite une approche &hellip; <\/p>\n","protected":false},"author":1,"featured_media":0,"parent":0,"menu_order":0,"comment_status":"closed","ping_status":"closed","template":"","meta":{"om_disable_all_campaigns":false,"_monsterinsights_skip_tracking":false,"_monsterinsights_sitenote_active":false,"_monsterinsights_sitenote_note":"","_monsterinsights_sitenote_category":0,"ngg_post_thumbnail":0,"footnotes":""},"class_list":["post-37","page","type-page","status-publish","hentry"],"aioseo_notices":[],"_links":{"self":[{"href":"https:\/\/hexabio-retail.fr\/index.php\/wp-json\/wp\/v2\/pages\/37","targetHints":{"allow":["GET"]}}],"collection":[{"href":"https:\/\/hexabio-retail.fr\/index.php\/wp-json\/wp\/v2\/pages"}],"about":[{"href":"https:\/\/hexabio-retail.fr\/index.php\/wp-json\/wp\/v2\/types\/page"}],"author":[{"embeddable":true,"href":"https:\/\/hexabio-retail.fr\/index.php\/wp-json\/wp\/v2\/users\/1"}],"replies":[{"embeddable":true,"href":"https:\/\/hexabio-retail.fr\/index.php\/wp-json\/wp\/v2\/comments?post=37"}],"version-history":[{"count":8,"href":"https:\/\/hexabio-retail.fr\/index.php\/wp-json\/wp\/v2\/pages\/37\/revisions"}],"predecessor-version":[{"id":1975,"href":"https:\/\/hexabio-retail.fr\/index.php\/wp-json\/wp\/v2\/pages\/37\/revisions\/1975"}],"wp:attachment":[{"href":"https:\/\/hexabio-retail.fr\/index.php\/wp-json\/wp\/v2\/media?parent=37"}],"curies":[{"name":"wp","href":"https:\/\/api.w.org\/{rel}","templated":true}]}}