{"id":468,"date":"2017-07-19T10:13:57","date_gmt":"2017-07-19T08:13:57","guid":{"rendered":"http:\/\/hexabio-retail.fr\/?page_id=468"},"modified":"2024-02-01T14:30:26","modified_gmt":"2024-02-01T13:30:26","slug":"hexabio-retail","status":"publish","type":"page","link":"https:\/\/hexabio-retail.fr\/","title":{"rendered":"Accueil"},"content":{"rendered":"<p>La soci\u00e9t\u00e9 Hexabio retail est un distributeur de mat\u00e9riel m\u00e9dical et chirurgical pour les professionnels de la sant\u00e9<br \/>\nDistributeur et fabricant de l&rsquo;attelle pied-cheville HEXOR\u00ae<\/p>\n<p>Utilis\u00e9e par plus de 10000 patients (urgences et post op\u00e9ratoire) depuis sa cr\u00e9ation en 1992.<\/p>\n<p>HEXABIO Retail propose aussi des implants chirurgicaux orthop\u00e9diques pour le pied et la main.<\/p>\n<p>Pr\u00e9sent \u00e9galement dans la chirurgie p\u00e9diatrique avec les vis canul\u00e9es.<\/p>\n<p>La soci\u00e9t\u00e9 implant\u00e9e \u00e0 Pessac, en Gironde, distribue ses produits dans la France enti\u00e8re<\/p>\n<p>Aujourd\u2019hui, HEXABIO Retail est pr\u00e9sent dans les domaines suivants :<br \/>\nAttelles ( Attelle pied-cheville en carton HEXOR\u00ae)<br \/>\nDe l\u2019ost\u00e9osynth\u00e8se<br \/>\nDe la chirurgie du pied et de la main ( broches, main mall\u00e9able sans plomb)<br \/>\nDe l\u2019orthop\u00e9die p\u00e9diatrique ( vis p\u00e9diatrique)<br \/>\nDes \u00e9quipements et instruments chirurgicaux (pince, for\u00eats)<\/p>\n","protected":false},"excerpt":{"rendered":"<p>La soci\u00e9t\u00e9 Hexabio retail est un distributeur de mat\u00e9riel m\u00e9dical et chirurgical pour les professionnels de la sant\u00e9 Distributeur et fabricant de l&rsquo;attelle pied-cheville HEXOR\u00ae Utilis\u00e9e par plus de 10000 patients (urgences et post op\u00e9ratoire) depuis sa cr\u00e9ation en 1992. HEXABIO Retail propose aussi des &hellip; <\/p>\n","protected":false},"author":1,"featured_media":0,"parent":0,"menu_order":0,"comment_status":"closed","ping_status":"closed","template":"","meta":{"om_disable_all_campaigns":false,"_monsterinsights_skip_tracking":false,"_monsterinsights_sitenote_active":false,"_monsterinsights_sitenote_note":"","_monsterinsights_sitenote_category":0,"ngg_post_thumbnail":0,"footnotes":""},"class_list":["post-468","page","type-page","status-publish","hentry"],"aioseo_notices":[],"_links":{"self":[{"href":"https:\/\/hexabio-retail.fr\/index.php\/wp-json\/wp\/v2\/pages\/468","targetHints":{"allow":["GET"]}}],"collection":[{"href":"https:\/\/hexabio-retail.fr\/index.php\/wp-json\/wp\/v2\/pages"}],"about":[{"href":"https:\/\/hexabio-retail.fr\/index.php\/wp-json\/wp\/v2\/types\/page"}],"author":[{"embeddable":true,"href":"https:\/\/hexabio-retail.fr\/index.php\/wp-json\/wp\/v2\/users\/1"}],"replies":[{"embeddable":true,"href":"https:\/\/hexabio-retail.fr\/index.php\/wp-json\/wp\/v2\/comments?post=468"}],"version-history":[{"count":8,"href":"https:\/\/hexabio-retail.fr\/index.php\/wp-json\/wp\/v2\/pages\/468\/revisions"}],"predecessor-version":[{"id":1767,"href":"https:\/\/hexabio-retail.fr\/index.php\/wp-json\/wp\/v2\/pages\/468\/revisions\/1767"}],"wp:attachment":[{"href":"https:\/\/hexabio-retail.fr\/index.php\/wp-json\/wp\/v2\/media?parent=468"}],"curies":[{"name":"wp","href":"https:\/\/api.w.org\/{rel}","templated":true}]}}